{"id":422,"date":"2021-02-11T17:46:40","date_gmt":"2021-02-11T17:46:40","guid":{"rendered":"https:\/\/sistemasdouet.com.ar\/?page_id=422"},"modified":"2021-03-01T06:28:45","modified_gmt":"2021-03-01T06:28:45","slug":"business-coaching-2","status":"publish","type":"page","link":"https:\/\/yolandaserrano.com.ar\/en\/business-coaching-2\/","title":{"rendered":"BUSINESS COACHING"},"content":{"rendered":"<div data-elementor-type=\"wp-page\" data-elementor-id=\"422\" class=\"elementor elementor-422\" data-elementor-settings=\"[]\">\n\t\t\t\t\t\t\t<div class=\"elementor-section-wrap\">\n\t\t\t\t\t\t\t<section class=\"elementor-section elementor-top-section elementor-element elementor-element-66f7f1fe ct-section-stretched elementor-section-full_width elementor-section-height-min-height elementor-section-height-default elementor-section-items-middle\" data-id=\"66f7f1fe\" data-element_type=\"section\">\n\t\t\t\t\t\t<div class=\"elementor-container elementor-column-gap-default\">\n\t\t\t\t\t<div class=\"elementor-column elementor-col-100 elementor-top-column elementor-element elementor-element-7f056aa2\" data-id=\"7f056aa2\" data-element_type=\"column\">\n\t\t\t<div class=\"elementor-widget-wrap elementor-element-populated\">\n\t\t\t\t\t\t\t\t<div class=\"elementor-element elementor-element-594c5c5f elementor-widget__width-inherit elementor-widget elementor-widget-image\" data-id=\"594c5c5f\" data-element_type=\"widget\" data-widget_type=\"image.default\">\n\t\t\t\t<div class=\"elementor-widget-container\">\n\t\t\t\t\t<div class=\"elementor-image\">\n\t\t\t\t\t\t\t\t\t\t<img decoding=\"async\" src=\"https:\/\/yolandaserrano.com.ar\/wp-content\/uploads\/elementor\/thumbs\/business-coaching-text-1024x322-1-p2z7vftpankreaiesefk0g8pu3fc7b3x91mvrqpxlu.jpg\" title=\"business-coaching-text-1024&#215;322\" alt=\"business-coaching-text-1024x322\" \/>\t\t\t\t\t\t\t\t\t\t\t<\/div>\n\t\t\t\t<\/div>\n\t\t\t\t<\/div>\n\t\t\t\t<div class=\"elementor-element elementor-element-3a9eae3 elementor-widget elementor-widget-spacer\" data-id=\"3a9eae3\" data-element_type=\"widget\" data-widget_type=\"spacer.default\">\n\t\t\t\t<div class=\"elementor-widget-container\">\n\t\t\t\t\t<div class=\"elementor-spacer\">\n\t\t\t<div class=\"elementor-spacer-inner\"><\/div>\n\t\t<\/div>\n\t\t\t\t<\/div>\n\t\t\t\t<\/div>\n\t\t\t\t<div class=\"elementor-element elementor-element-d8fcb6f elementor-widget elementor-widget-text-editor\" data-id=\"d8fcb6f\" data-element_type=\"widget\" data-widget_type=\"text-editor.default\">\n\t\t\t\t<div class=\"elementor-widget-container\">\n\t\t\t\t\t<div class=\"elementor-text-editor elementor-clearfix\"><h5><em><span style=\"color: #bab97f;\">We all need a coach. We all need people to give us feedback, this is how we improve. \" Bill Gates<\/span><\/em><\/h5><\/div>\n\t\t\t\t<\/div>\n\t\t\t\t<\/div>\n\t\t\t\t<section class=\"elementor-section elementor-inner-section elementor-element elementor-element-f98c0bc elementor-section-boxed elementor-section-height-default elementor-section-height-default\" data-id=\"f98c0bc\" data-element_type=\"section\">\n\t\t\t\t\t\t<div class=\"elementor-container elementor-column-gap-default\">\n\t\t\t\t\t<div class=\"elementor-column elementor-col-50 elementor-inner-column elementor-element elementor-element-f6e91f6\" data-id=\"f6e91f6\" data-element_type=\"column\">\n\t\t\t<div class=\"elementor-widget-wrap elementor-element-populated\">\n\t\t\t\t\t\t\t\t<div class=\"elementor-element elementor-element-2b5d86b elementor-widget elementor-widget-text-editor\" data-id=\"2b5d86b\" data-element_type=\"widget\" data-widget_type=\"text-editor.default\">\n\t\t\t\t<div class=\"elementor-widget-container\">\n\t\t\t\t\t<div class=\"elementor-text-editor elementor-clearfix\"><h1><\/h1>\n<br>\n<h1><span style=\"color: #b8b97f;\">What step have you reached today?<\/span><\/h1><\/div>\n\t\t\t\t<\/div>\n\t\t\t\t<\/div>\n\t\t\t\t\t<\/div>\n\t\t<\/div>\n\t\t\t\t<div class=\"elementor-column elementor-col-50 elementor-inner-column elementor-element elementor-element-098bfde\" data-id=\"098bfde\" data-element_type=\"column\">\n\t\t\t<div class=\"elementor-widget-wrap elementor-element-populated\">\n\t\t\t\t\t\t\t\t<div class=\"elementor-element elementor-element-45bc7fa elementor-aspect-ratio-169 elementor-widget elementor-widget-video\" data-id=\"45bc7fa\" data-element_type=\"widget\" data-settings=\"{&quot;youtube_url&quot;:&quot;https:\\\/\\\/www.youtube.com\\\/watch?v=5Bs2eEUG5rA&amp;feature=emb_logo&quot;,&quot;show_image_overlay&quot;:&quot;yes&quot;,&quot;image_overlay&quot;:{&quot;url&quot;:&quot;https:\\\/\\\/sistemasdouet.com.ar\\\/wp-content\\\/uploads\\\/2021\\\/02\\\/tapavideo.png&quot;,&quot;id&quot;:1453},&quot;video_type&quot;:&quot;youtube&quot;,&quot;controls&quot;:&quot;yes&quot;,&quot;aspect_ratio&quot;:&quot;169&quot;}\" data-widget_type=\"video.default\">\n\t\t\t\t<div class=\"elementor-widget-container\">\n\t\t\t\t\t<div class=\"elementor-wrapper elementor-fit-aspect-ratio elementor-open-inline\">\n\t\t\t<div class=\"elementor-video\"><\/div>\t\t\t\t<div class=\"elementor-custom-embed-image-overlay\" style=\"background-image: url(https:\/\/yolandaserrano.com.ar\/wp-content\/uploads\/2021\/02\/tapavideo.png);\">\n\t\t\t\t\t\t\t\t\t\t\t\t\t\t\t\t<div class=\"elementor-custom-embed-play\" role=\"button\">\n\t\t\t\t\t\t\t<i class=\"eicon-play\" aria-hidden=\"true\"><\/i>\n\t\t\t\t\t\t\t<span class=\"elementor-screen-only\">Play Video<\/span>\n\t\t\t\t\t\t<\/div>\n\t\t\t\t\t\t\t\t\t<\/div>\n\t\t\t\t\t<\/div>\n\t\t\t\t<\/div>\n\t\t\t\t<\/div>\n\t\t\t\t\t<\/div>\n\t\t<\/div>\n\t\t\t\t\t\t\t<\/div>\n\t\t<\/section>\n\t\t\t\t\t<\/div>\n\t\t<\/div>\n\t\t\t\t\t\t\t<\/div>\n\t\t<\/section>\n\t\t\t\t<section class=\"elementor-section elementor-top-section elementor-element elementor-element-230a1446 elementor-section-boxed elementor-section-height-default elementor-section-height-default\" data-id=\"230a1446\" data-element_type=\"section\">\n\t\t\t\t\t\t<div class=\"elementor-container elementor-column-gap-default\">\n\t\t\t\t\t<div class=\"elementor-column elementor-col-100 elementor-top-column elementor-element elementor-element-1aa992d0\" data-id=\"1aa992d0\" data-element_type=\"column\">\n\t\t\t<div class=\"elementor-widget-wrap elementor-element-populated\">\n\t\t\t\t\t\t\t\t<div class=\"elementor-element elementor-element-1ef6ad5c elementor-widget elementor-widget-text-editor\" data-id=\"1ef6ad5c\" data-element_type=\"widget\" data-widget_type=\"text-editor.default\">\n\t\t\t\t<div class=\"elementor-widget-container\">\n\t\t\t\t\t<div class=\"elementor-text-editor elementor-clearfix\"><div data-mk-stretch-content=\"true\">\n<div>\n<div>\n<div>\n<div>\n<p style=\"text-align: JUSTIFY;\"><strong>Program created and designed specifically for Organizations, where we work in three orientations:<\/strong>\n<p style=\"text-align: JUSTIFY;\"><strong>Development Coaching:<\/strong> <span style=\"color: #828282;\">for those people who have recently been promoted and require an \"upgrade\" of their skills to achieve what is expected of them in the new position.<\/span><\/p>\n\n\n<span style=\"color: #bab980;\"><strong>Performance Coaching: <\/strong><\/span><span style=\"color: #828282;\">for people where \u201cimprovement spaces\u201d have been identified and to be able to achieve the performance required for the position.\n<\/span><\/p>\n<p style=\"text-align: JUSTIFY;\"><span style=\"color: #bab980;\"><strong>Team Coaching: <\/strong><\/span><span style=\"color: #828282;\"><span style=\"color: #bab980;\"><span style=\"color: #828282;\">for the leader and his teams developing new conversational skills in action.<\/span><\/span><\/span><\/p>\n<p style=\"text-align: JUSTIFY;\"><span style=\"color: #828282;\">During the Business Coaching Process, new distinctions are worked on, which allow you to develop different capacities, to observe and observe yourself, reinterpreting facts, thoughts and actions, and acting differently in the world of work.<\/span><\/p>\n\n<\/div>\n<\/div>\n<\/div>\n<\/div>\n<\/div><\/div>\n\t\t\t\t<\/div>\n\t\t\t\t<\/div>\n\t\t\t\t\t<\/div>\n\t\t<\/div>\n\t\t\t\t\t\t\t<\/div>\n\t\t<\/section>\n\t\t\t\t\t\t<\/div>\n\t\t\t\t\t<\/div>","protected":false},"excerpt":{"rendered":"<p>\u00abTodos necesitamos un Coach. Todos necesitamos gente que nos d\u00e9 feedback, as\u00ed es c\u00f3mo mejoramos.\u00bb Bill Gates Cu\u00e1l escal\u00f3n has alcanzado hoy? https:\/\/www.youtube.com\/watch?v=5Bs2eEUG5rA&#038;feature=emb_logo Programa creado y dise\u00f1ado espec\u00edficamente para Organizaciones, donde trabajamos en tres orientaciones: Coaching de Desarrollo: para aquellas personas que recientemente han sido promovidas y requieren un \u201cupgrade\u201d de sus competencias para alcanzar [&hellip;]<\/p>","protected":false},"author":1,"featured_media":0,"parent":0,"menu_order":0,"comment_status":"closed","ping_status":"closed","template":"","meta":{"footnotes":""},"class_list":["post-422","page","type-page","status-publish","hentry"],"blocksy_meta":"","_links":{"self":[{"href":"https:\/\/yolandaserrano.com.ar\/en\/wp-json\/wp\/v2\/pages\/422","targetHints":{"allow":["GET"]}}],"collection":[{"href":"https:\/\/yolandaserrano.com.ar\/en\/wp-json\/wp\/v2\/pages"}],"about":[{"href":"https:\/\/yolandaserrano.com.ar\/en\/wp-json\/wp\/v2\/types\/page"}],"author":[{"embeddable":true,"href":"https:\/\/yolandaserrano.com.ar\/en\/wp-json\/wp\/v2\/users\/1"}],"replies":[{"embeddable":true,"href":"https:\/\/yolandaserrano.com.ar\/en\/wp-json\/wp\/v2\/comments?post=422"}],"version-history":[{"count":151,"href":"https:\/\/yolandaserrano.com.ar\/en\/wp-json\/wp\/v2\/pages\/422\/revisions"}],"predecessor-version":[{"id":2585,"href":"https:\/\/yolandaserrano.com.ar\/en\/wp-json\/wp\/v2\/pages\/422\/revisions\/2585"}],"wp:attachment":[{"href":"https:\/\/yolandaserrano.com.ar\/en\/wp-json\/wp\/v2\/media?parent=422"}],"curies":[{"name":"wp","href":"https:\/\/api.w.org\/{rel}","templated":true}]}}