{"id":424,"date":"2021-02-11T17:47:14","date_gmt":"2021-02-11T17:47:14","guid":{"rendered":"https:\/\/sistemasdouet.com.ar\/?page_id=424"},"modified":"2021-03-01T06:31:11","modified_gmt":"2021-03-01T06:31:11","slug":"programas-de-liderazgo","status":"publish","type":"page","link":"https:\/\/yolandaserrano.com.ar\/en\/programas-de-liderazgo\/","title":{"rendered":"LEADERSHIP PROGRAMS"},"content":{"rendered":"<div data-elementor-type=\"wp-page\" data-elementor-id=\"424\" class=\"elementor elementor-424\" data-elementor-settings=\"[]\">\n\t\t\t\t\t\t\t<div class=\"elementor-section-wrap\">\n\t\t\t\t\t\t\t<section class=\"elementor-section elementor-top-section elementor-element elementor-element-3a046f8b ct-section-stretched elementor-section-full_width elementor-section-height-min-height elementor-section-height-default elementor-section-items-middle\" data-id=\"3a046f8b\" data-element_type=\"section\">\n\t\t\t\t\t\t<div class=\"elementor-container elementor-column-gap-default\">\n\t\t\t\t\t<div class=\"elementor-column elementor-col-100 elementor-top-column elementor-element elementor-element-578c00ea\" data-id=\"578c00ea\" data-element_type=\"column\">\n\t\t\t<div class=\"elementor-widget-wrap elementor-element-populated\">\n\t\t\t\t\t\t\t\t<div class=\"elementor-element elementor-element-7e231fe7 elementor-widget__width-inherit elementor-widget elementor-widget-image\" data-id=\"7e231fe7\" data-element_type=\"widget\" data-widget_type=\"image.default\">\n\t\t\t\t<div class=\"elementor-widget-container\">\n\t\t\t\t\t<div class=\"elementor-image\">\n\t\t\t\t\t\t\t\t\t\t<img loading=\"lazy\" decoding=\"async\" width=\"1900\" height=\"400\" src=\"https:\/\/yolandaserrano.com.ar\/wp-content\/uploads\/2021\/03\/leadership-programs-1-1900x400-1.jpg\" class=\"attachment-full size-full\" alt=\"\" srcset=\"https:\/\/yolandaserrano.com.ar\/wp-content\/uploads\/2021\/03\/leadership-programs-1-1900x400-1.jpg 1900w, https:\/\/yolandaserrano.com.ar\/wp-content\/uploads\/2021\/03\/leadership-programs-1-1900x400-1-300x63.jpg 300w, https:\/\/yolandaserrano.com.ar\/wp-content\/uploads\/2021\/03\/leadership-programs-1-1900x400-1-1024x216.jpg 1024w, https:\/\/yolandaserrano.com.ar\/wp-content\/uploads\/2021\/03\/leadership-programs-1-1900x400-1-768x162.jpg 768w, https:\/\/yolandaserrano.com.ar\/wp-content\/uploads\/2021\/03\/leadership-programs-1-1900x400-1-1536x323.jpg 1536w, https:\/\/yolandaserrano.com.ar\/wp-content\/uploads\/2021\/03\/leadership-programs-1-1900x400-1-16x3.jpg 16w, https:\/\/yolandaserrano.com.ar\/wp-content\/uploads\/2021\/03\/leadership-programs-1-1900x400-1-600x126.jpg 600w\" sizes=\"auto, (max-width: 1900px) 100vw, 1900px\" \/>\t\t\t\t\t\t\t\t\t\t\t<\/div>\n\t\t\t\t<\/div>\n\t\t\t\t<\/div>\n\t\t\t\t<div class=\"elementor-element elementor-element-6e828cf elementor-widget__width-inherit elementor-widget elementor-widget-text-editor\" data-id=\"6e828cf\" data-element_type=\"widget\" data-widget_type=\"text-editor.default\">\n\t\t\t\t<div class=\"elementor-widget-container\">\n\t\t\t\t\t<div class=\"elementor-text-editor elementor-clearfix\"><h5><em><span style=\"color: #bab97f;\">\"Leaders are needed for leadership development.\"<\/span><\/em><\/h5><\/div>\n\t\t\t\t<\/div>\n\t\t\t\t<\/div>\n\t\t\t\t\t<\/div>\n\t\t<\/div>\n\t\t\t\t\t\t\t<\/div>\n\t\t<\/section>\n\t\t\t\t<section class=\"elementor-section elementor-top-section elementor-element elementor-element-528945b3 elementor-section-boxed elementor-section-height-default elementor-section-height-default\" data-id=\"528945b3\" data-element_type=\"section\">\n\t\t\t\t\t\t<div class=\"elementor-container elementor-column-gap-default\">\n\t\t\t\t\t<div class=\"elementor-column elementor-col-100 elementor-top-column elementor-element elementor-element-6c8393fb\" data-id=\"6c8393fb\" data-element_type=\"column\">\n\t\t\t<div class=\"elementor-widget-wrap elementor-element-populated\">\n\t\t\t\t\t\t\t\t<div class=\"elementor-element elementor-element-62fcfe8d elementor-widget elementor-widget-text-editor\" data-id=\"62fcfe8d\" data-element_type=\"widget\" data-widget_type=\"text-editor.default\">\n\t\t\t\t<div class=\"elementor-widget-container\">\n\t\t\t\t\t<div class=\"elementor-text-editor elementor-clearfix\"><div data-mk-stretch-content=\"true\">\n<div>\n<div>\n<div>\n<div>\n<p style=\"text-align: JUSTIFY;\">\nWe work in \"In Company\" Programs, developing \"tailored to the needs of the Organization\" trainings. Starting from not taking for granted \"What is being a Leader in this Organization?\" We design with different and current Leadership Models, but the end in itself is to create a learning space through self-knowledge, reflection and that this leads participants to personal transformation. Leadership is experienced in \"action\" and not, in a conceptual theoretical model. They are annual, interactive programs, with technological platforms and tasks between meetings.\n\n<\/div>\n<\/div>\n<\/div>\n<\/div>\n<\/div><\/div>\n\t\t\t\t<\/div>\n\t\t\t\t<\/div>\n\t\t\t\t\t<\/div>\n\t\t<\/div>\n\t\t\t\t\t\t\t<\/div>\n\t\t<\/section>\n\t\t\t\t\t\t<\/div>\n\t\t\t\t\t<\/div>","protected":false},"excerpt":{"rendered":"<p>\u00abSe necesitan l\u00edderes para el desarrollo de l\u00edderes.\u00bb Trabajamos en Programas In Company, desarrollando \u201c a medida de las necesidades de la Organizaci\u00f3n\u201d. Partiendo, de no dar por sobre entendido \u201cQu\u00e9 es ser L\u00edder\u201d en esta Organizaci\u00f3n? Dise\u00f1amos con diferentes y actuales Modelos de Liderazgo, pero el fin en s\u00ed mismo es crear un espacio [&hellip;]<\/p>","protected":false},"author":1,"featured_media":0,"parent":0,"menu_order":0,"comment_status":"closed","ping_status":"closed","template":"","meta":{"footnotes":""},"class_list":["post-424","page","type-page","status-publish","hentry"],"blocksy_meta":"","_links":{"self":[{"href":"https:\/\/yolandaserrano.com.ar\/en\/wp-json\/wp\/v2\/pages\/424","targetHints":{"allow":["GET"]}}],"collection":[{"href":"https:\/\/yolandaserrano.com.ar\/en\/wp-json\/wp\/v2\/pages"}],"about":[{"href":"https:\/\/yolandaserrano.com.ar\/en\/wp-json\/wp\/v2\/types\/page"}],"author":[{"embeddable":true,"href":"https:\/\/yolandaserrano.com.ar\/en\/wp-json\/wp\/v2\/users\/1"}],"replies":[{"embeddable":true,"href":"https:\/\/yolandaserrano.com.ar\/en\/wp-json\/wp\/v2\/comments?post=424"}],"version-history":[{"count":40,"href":"https:\/\/yolandaserrano.com.ar\/en\/wp-json\/wp\/v2\/pages\/424\/revisions"}],"predecessor-version":[{"id":2588,"href":"https:\/\/yolandaserrano.com.ar\/en\/wp-json\/wp\/v2\/pages\/424\/revisions\/2588"}],"wp:attachment":[{"href":"https:\/\/yolandaserrano.com.ar\/en\/wp-json\/wp\/v2\/media?parent=424"}],"curies":[{"name":"wp","href":"https:\/\/api.w.org\/{rel}","templated":true}]}}