{"id":428,"date":"2021-02-11T17:50:22","date_gmt":"2021-02-11T17:50:22","guid":{"rendered":"https:\/\/sistemasdouet.com.ar\/?page_id=428"},"modified":"2021-03-01T06:08:18","modified_gmt":"2021-03-01T06:08:18","slug":"outplacement-y-desarrollo-de-carrera","status":"publish","type":"page","link":"https:\/\/yolandaserrano.com.ar\/en\/servicios\/outplacement-y-desarrollo-de-carrera\/","title":{"rendered":"OUTPLACEMENT AND CAREER DEVELOPMENT"},"content":{"rendered":"<div data-elementor-type=\"wp-page\" data-elementor-id=\"428\" class=\"elementor elementor-428\" data-elementor-settings=\"[]\">\n\t\t\t\t\t\t\t<div class=\"elementor-section-wrap\">\n\t\t\t\t\t\t\t<section class=\"elementor-section elementor-top-section elementor-element elementor-element-385e598b ct-section-stretched elementor-section-full_width elementor-section-height-min-height elementor-section-height-default elementor-section-items-middle\" data-id=\"385e598b\" data-element_type=\"section\">\n\t\t\t\t\t\t<div class=\"elementor-container elementor-column-gap-default\">\n\t\t\t\t\t<div class=\"elementor-column elementor-col-100 elementor-top-column elementor-element elementor-element-7a5e9422\" data-id=\"7a5e9422\" data-element_type=\"column\">\n\t\t\t<div class=\"elementor-widget-wrap elementor-element-populated\">\n\t\t\t\t\t\t\t\t<div class=\"elementor-element elementor-element-1914f267 elementor-widget__width-inherit elementor-widget elementor-widget-image\" data-id=\"1914f267\" data-element_type=\"widget\" data-widget_type=\"image.default\">\n\t\t\t\t<div class=\"elementor-widget-container\">\n\t\t\t\t\t<div class=\"elementor-image\">\n\t\t\t\t\t\t\t\t\t\t<img loading=\"lazy\" decoding=\"async\" width=\"1900\" height=\"400\" src=\"https:\/\/yolandaserrano.com.ar\/wp-content\/uploads\/2021\/03\/oplacement-1-1900x400-1.jpg\" class=\"attachment-full size-full\" alt=\"\" srcset=\"https:\/\/yolandaserrano.com.ar\/wp-content\/uploads\/2021\/03\/oplacement-1-1900x400-1.jpg 1900w, https:\/\/yolandaserrano.com.ar\/wp-content\/uploads\/2021\/03\/oplacement-1-1900x400-1-300x63.jpg 300w, https:\/\/yolandaserrano.com.ar\/wp-content\/uploads\/2021\/03\/oplacement-1-1900x400-1-1024x216.jpg 1024w, https:\/\/yolandaserrano.com.ar\/wp-content\/uploads\/2021\/03\/oplacement-1-1900x400-1-768x162.jpg 768w, https:\/\/yolandaserrano.com.ar\/wp-content\/uploads\/2021\/03\/oplacement-1-1900x400-1-1536x323.jpg 1536w, https:\/\/yolandaserrano.com.ar\/wp-content\/uploads\/2021\/03\/oplacement-1-1900x400-1-16x3.jpg 16w, https:\/\/yolandaserrano.com.ar\/wp-content\/uploads\/2021\/03\/oplacement-1-1900x400-1-600x126.jpg 600w\" sizes=\"auto, (max-width: 1900px) 100vw, 1900px\" \/>\t\t\t\t\t\t\t\t\t\t\t<\/div>\n\t\t\t\t<\/div>\n\t\t\t\t<\/div>\n\t\t\t\t\t<\/div>\n\t\t<\/div>\n\t\t\t\t\t\t\t<\/div>\n\t\t<\/section>\n\t\t\t\t<section class=\"elementor-section elementor-top-section elementor-element elementor-element-348639fa elementor-section-boxed elementor-section-height-default elementor-section-height-default\" data-id=\"348639fa\" data-element_type=\"section\">\n\t\t\t\t\t\t<div class=\"elementor-container elementor-column-gap-default\">\n\t\t\t\t\t<div class=\"elementor-column elementor-col-100 elementor-top-column elementor-element elementor-element-57821e11\" data-id=\"57821e11\" data-element_type=\"column\">\n\t\t\t<div class=\"elementor-widget-wrap elementor-element-populated\">\n\t\t\t\t\t\t\t\t<div class=\"elementor-element elementor-element-79a4c564 elementor-widget elementor-widget-text-editor\" data-id=\"79a4c564\" data-element_type=\"widget\" data-widget_type=\"text-editor.default\">\n\t\t\t\t<div class=\"elementor-widget-container\">\n\t\t\t\t\t<div class=\"elementor-text-editor elementor-clearfix\"><div data-mk-stretch-content=\"true\"><div><div><div><div><p style=\"text-align: JUSTIFY;\"><strong><br \/>OUTPLACEMENT PROGRAMS: <\/strong><span style=\"color: #828282;\">promotes labor reintegration, through self-knowledge, its strengths and areas of opportunity, working with batteries of evaluations and permanent feedback, facilitating the identification of its new place of work and the market to which it can apply. We work with the management and development of your current career, creating alternative scenarios for your future job reinsertion. A module of the program, are the tools to use, appropriate to Selection 4.0.<\/span><\/p><div><p style=\"text-align: JUSTIFY;\"><strong>INPLACEMENT PROGRAMS: <\/strong><span style=\"color: #828282;\">It is a new concept that is gaining strength in companies and deals with the \"job reorientation\" of people in Organizations, who suffer permanent market changes, restructuring and new technologies.<\/span><\/p><div><p style=\"text-align: JUSTIFY;\"><span style=\"color: #828282;\">\"Inplacement\" consists of analyzing where the company is heading, first opening the perspective of growth and possible imminent changes based on its line of business and activities. The impact they will have on current employees and which of them could come out of the new structures is analyzed.<\/span><\/p><p style=\"text-align: JUSTIFY;\"><strong>CAREER TRANSITION AND PRE-RETIREMENTS: <\/strong><\/p><\/div><div>\u00a0<\/div><\/div><\/div><\/div><\/div><\/div><\/div><\/div>\n\t\t\t\t<\/div>\n\t\t\t\t<\/div>\n\t\t\t\t\t<\/div>\n\t\t<\/div>\n\t\t\t\t\t\t\t<\/div>\n\t\t<\/section>\n\t\t\t\t<section class=\"elementor-section elementor-top-section elementor-element elementor-element-2a181c4 elementor-section-boxed elementor-section-height-default elementor-section-height-default\" data-id=\"2a181c4\" data-element_type=\"section\">\n\t\t\t\t\t\t<div class=\"elementor-container elementor-column-gap-default\">\n\t\t\t\t\t<div class=\"elementor-column elementor-col-100 elementor-top-column elementor-element elementor-element-c3e7f05\" data-id=\"c3e7f05\" data-element_type=\"column\">\n\t\t\t<div class=\"elementor-widget-wrap elementor-element-populated\">\n\t\t\t\t\t\t\t\t<div class=\"elementor-element elementor-element-eaa05e3 elementor-widget elementor-widget-text-editor\" data-id=\"eaa05e3\" data-element_type=\"widget\" data-widget_type=\"text-editor.default\">\n\t\t\t\t<div class=\"elementor-widget-container\">\n\t\t\t\t\t<div class=\"elementor-text-editor elementor-clearfix\"><h5><em><span style=\"color: #bab97f;\">\"Our identity is not a 'Hidden Treasure'.\"<\/span><\/em><\/h5><\/div>\n\t\t\t\t<\/div>\n\t\t\t\t<\/div>\n\t\t\t\t\t<\/div>\n\t\t<\/div>\n\t\t\t\t\t\t\t<\/div>\n\t\t<\/section>\n\t\t\t\t<section class=\"elementor-section elementor-top-section elementor-element elementor-element-8c25b96 elementor-section-boxed elementor-section-height-default elementor-section-height-default\" data-id=\"8c25b96\" data-element_type=\"section\">\n\t\t\t\t\t\t<div class=\"elementor-container elementor-column-gap-default\">\n\t\t\t\t\t<div class=\"elementor-column elementor-col-100 elementor-top-column elementor-element elementor-element-e3defda\" data-id=\"e3defda\" data-element_type=\"column\">\n\t\t\t<div class=\"elementor-widget-wrap elementor-element-populated\">\n\t\t\t\t\t\t\t\t<div class=\"elementor-element elementor-element-bcb5623 elementor-widget elementor-widget-text-editor\" data-id=\"bcb5623\" data-element_type=\"widget\" data-widget_type=\"text-editor.default\">\n\t\t\t\t<div class=\"elementor-widget-container\">\n\t\t\t\t\t<div class=\"elementor-text-editor elementor-clearfix\"><div data-mk-stretch-content=\"true\">\n<div>\n<div>\n<div>\n<div>\n<p style=\"text-align: JUSTIFY;\"><strong>\nCAREER TRANSITION: <\/strong><\/p>\n\n\n<p style=\"text-align: JUSTIFY;\"><span style=\"color: #828282;\">Changing the career \"sometimes implies a change in our personality\" ..., what am I doing? Sometimes accompanied by the impossibility of seeing new opportunities and possibilities, and who I can become from now on. The consultants, specially trained in Career Coaching and \"Life Cycles\" through which human beings travel. Assuming a change in the work cycle, leads to paths where the end of work is the end of my essence. We provide a service that allows the reconstruction, connectivity, development and improvement of relationships and above all \"the new meaning of life.\" Face-to-face and virtual programs, aimed at Executives in Job Search, Professional Reintegration and Entrepreneurs.<\/span><\/p>\n\n<p style=\"text-align: JUSTIFY;\"><strong>\nPRE-RETIREMENT: <\/strong><\/p>\n\n<p style=\"text-align: JUSTIFY;\"><span style=\"color: #828282;\">La transici\u00f3n del mundo laboral tradicional y el camino a la jubilaci\u00f3n, no implica el camino final de nuestra vida activa. Trabajar, fomentando la participaci\u00f3n y el enriquecimiento de los v\u00ednculos, permite la reconstrucci\u00f3n de un nuevo ambiente donde pueda seguir desarroll\u00e1ndose.<\/span><\/p>\n<p style=\"text-align: JUSTIFY;\"><strong>\nMAIN FEATURES OF THE THREE PROGRAMS:\n<\/strong><\/p>\n\n<\/div>\n<\/div>\n<\/div>\n<\/div>\n<\/div><\/div>\n\t\t\t\t<\/div>\n\t\t\t\t<\/div>\n\t\t\t\t\t<\/div>\n\t\t<\/div>\n\t\t\t\t\t\t\t<\/div>\n\t\t<\/section>\n\t\t\t\t<section class=\"elementor-section elementor-top-section elementor-element elementor-element-9bba5fe elementor-section-boxed elementor-section-height-default elementor-section-height-default\" data-id=\"9bba5fe\" data-element_type=\"section\">\n\t\t\t\t\t\t<div class=\"elementor-container elementor-column-gap-default\">\n\t\t\t\t\t<div class=\"elementor-column elementor-col-100 elementor-top-column elementor-element elementor-element-1d6f8fb\" data-id=\"1d6f8fb\" data-element_type=\"column\">\n\t\t\t<div class=\"elementor-widget-wrap elementor-element-populated\">\n\t\t\t\t\t\t\t\t<div class=\"elementor-element elementor-element-8248e1e elementor-invisible elementor-widget elementor-widget-image\" data-id=\"8248e1e\" data-element_type=\"widget\" data-settings=\"{&quot;_animation&quot;:&quot;slideInDown&quot;}\" data-widget_type=\"image.default\">\n\t\t\t\t<div class=\"elementor-widget-container\">\n\t\t\t\t\t<div class=\"elementor-image\">\n\t\t\t\t\t\t\t\t\t\t<img loading=\"lazy\" decoding=\"async\" width=\"969\" height=\"509\" src=\"https:\/\/yolandaserrano.com.ar\/wp-content\/uploads\/2021\/03\/graficoen.jpg\" class=\"attachment-large size-large\" alt=\"\" srcset=\"https:\/\/yolandaserrano.com.ar\/wp-content\/uploads\/2021\/03\/graficoen.jpg 768w, https:\/\/yolandaserrano.com.ar\/wp-content\/uploads\/2021\/03\/graficoen-300x157.jpg 300w, https:\/\/yolandaserrano.com.ar\/wp-content\/uploads\/2021\/03\/graficoen-16x8.jpg 16w, https:\/\/yolandaserrano.com.ar\/wp-content\/uploads\/2021\/03\/graficoen-600x315.jpg 600w\" sizes=\"auto, (max-width: 969px) 100vw, 969px\" \/>\t\t\t\t\t\t\t\t\t\t\t<\/div>\n\t\t\t\t<\/div>\n\t\t\t\t<\/div>\n\t\t\t\t\t<\/div>\n\t\t<\/div>\n\t\t\t\t\t\t\t<\/div>\n\t\t<\/section>\n\t\t\t\t\t\t<\/div>\n\t\t\t\t\t<\/div>","protected":false},"excerpt":{"rendered":"<p>PROGRAMAS DE OUTPLACEMENT: promueve la reinserci\u00f3n laboral, a trav\u00e9s del auto conocimiento, sus fortalezas y \u00e1reas de oportunidad, trabajando con bater\u00edas de evaluaciones y feedback permanente, facilitando la identificaci\u00f3n de su nuevo lugar del trabajo y el mercado al que puede aplicar. Trabajamos con la gesti\u00f3n y el desarrollo de su carrera actual, creando escenarios [&hellip;]<\/p>","protected":false},"author":1,"featured_media":0,"parent":416,"menu_order":0,"comment_status":"closed","ping_status":"closed","template":"","meta":{"footnotes":""},"class_list":["post-428","page","type-page","status-publish","hentry"],"blocksy_meta":"","_links":{"self":[{"href":"https:\/\/yolandaserrano.com.ar\/en\/wp-json\/wp\/v2\/pages\/428","targetHints":{"allow":["GET"]}}],"collection":[{"href":"https:\/\/yolandaserrano.com.ar\/en\/wp-json\/wp\/v2\/pages"}],"about":[{"href":"https:\/\/yolandaserrano.com.ar\/en\/wp-json\/wp\/v2\/types\/page"}],"author":[{"embeddable":true,"href":"https:\/\/yolandaserrano.com.ar\/en\/wp-json\/wp\/v2\/users\/1"}],"replies":[{"embeddable":true,"href":"https:\/\/yolandaserrano.com.ar\/en\/wp-json\/wp\/v2\/comments?post=428"}],"version-history":[{"count":121,"href":"https:\/\/yolandaserrano.com.ar\/en\/wp-json\/wp\/v2\/pages\/428\/revisions"}],"predecessor-version":[{"id":2566,"href":"https:\/\/yolandaserrano.com.ar\/en\/wp-json\/wp\/v2\/pages\/428\/revisions\/2566"}],"up":[{"embeddable":true,"href":"https:\/\/yolandaserrano.com.ar\/en\/wp-json\/wp\/v2\/pages\/416"}],"wp:attachment":[{"href":"https:\/\/yolandaserrano.com.ar\/en\/wp-json\/wp\/v2\/media?parent=428"}],"curies":[{"name":"wp","href":"https:\/\/api.w.org\/{rel}","templated":true}]}}