{"id":366,"date":"2020-03-13T08:00:24","date_gmt":"2020-03-13T08:00:24","guid":{"rendered":"https:\/\/demo.creativethemes.com\/blocksy\/modern-shop\/?page_id=14"},"modified":"2024-03-16T06:30:51","modified_gmt":"2024-03-16T06:30:51","slug":"home","status":"publish","type":"page","link":"https:\/\/yolandaserrano.com.ar\/es\/","title":{"rendered":"PRINCIPAL"},"content":{"rendered":"\t\t<div data-elementor-type=\"wp-page\" data-elementor-id=\"366\" class=\"elementor elementor-366\" data-elementor-settings=\"[]\">\n\t\t\t\t\t\t\t<div class=\"elementor-section-wrap\">\n\t\t\t\t\t\t\t<section class=\"elementor-section elementor-top-section elementor-element elementor-element-1d76fff0 elementor-section-boxed elementor-section-height-default elementor-section-height-default\" data-id=\"1d76fff0\" data-element_type=\"section\">\n\t\t\t\t\t\t<div class=\"elementor-container elementor-column-gap-default\">\n\t\t\t\t\t<div class=\"elementor-column elementor-col-100 elementor-top-column elementor-element elementor-element-73eb6421\" data-id=\"73eb6421\" data-element_type=\"column\" data-settings=\"{&quot;background_background&quot;:&quot;classic&quot;,&quot;animation&quot;:&quot;none&quot;}\">\n\t\t\t<div class=\"elementor-widget-wrap elementor-element-populated\">\n\t\t\t\t\t\t\t\t<div class=\"elementor-element elementor-element-adf3e0b elementor-widget__width-initial elementor-widget elementor-widget-shortcode\" data-id=\"adf3e0b\" data-element_type=\"widget\" data-widget_type=\"shortcode.default\">\n\t\t\t\t<div class=\"elementor-widget-container\">\n\t\t\t\t\t<div class=\"elementor-shortcode\">  <\/div>\n\t\t\t\t<\/div>\n\t\t\t\t<\/div>\n\t\t\t\t\t<\/div>\n\t\t<\/div>\n\t\t\t\t\t\t\t<\/div>\n\t\t<\/section>\n\t\t\t\t<section class=\"elementor-section elementor-top-section elementor-element elementor-element-f3ebbd2 ct-section-stretched elementor-section-full_width elementor-section-height-min-height elementor-section-height-default elementor-section-items-middle\" data-id=\"f3ebbd2\" data-element_type=\"section\" data-settings=\"{&quot;animation&quot;:&quot;none&quot;}\">\n\t\t\t\t\t\t\t<div class=\"elementor-background-overlay\"><\/div>\n\t\t\t\t\t\t\t<div class=\"elementor-container elementor-column-gap-extended\">\n\t\t\t\t\t<div class=\"elementor-column elementor-col-100 elementor-top-column elementor-element elementor-element-889d0eb bw-mobile-phone\" data-id=\"889d0eb\" data-element_type=\"column\" data-settings=\"{&quot;animation&quot;:&quot;none&quot;}\">\n\t\t\t<div class=\"elementor-widget-wrap\">\n\t\t\t\t\t\t\t\t\t<\/div>\n\t\t<\/div>\n\t\t\t\t\t\t\t<\/div>\n\t\t<\/section>\n\t\t\t\t<section class=\"elementor-section elementor-top-section elementor-element elementor-element-6b30fce elementor-section-full_width elementor-section-height-default elementor-section-height-default\" data-id=\"6b30fce\" data-element_type=\"section\">\n\t\t\t\t\t\t<div class=\"elementor-container elementor-column-gap-extended\">\n\t\t\t\t\t<div class=\"elementor-column elementor-col-25 elementor-top-column elementor-element elementor-element-7741cd3\" data-id=\"7741cd3\" data-element_type=\"column\">\n\t\t\t<div class=\"elementor-widget-wrap elementor-element-populated\">\n\t\t\t\t\t\t\t\t<div class=\"elementor-element elementor-element-63a05eb elementor-widget__width-auto elementor-widget elementor-widget-counter\" data-id=\"63a05eb\" data-element_type=\"widget\" data-widget_type=\"counter.default\">\n\t\t\t\t<div class=\"elementor-widget-container\">\n\t\t\t\t\t<div class=\"elementor-counter\">\n\t\t\t<div class=\"elementor-counter-number-wrapper\">\n\t\t\t\t<span class=\"elementor-counter-number-prefix\"><\/span>\n\t\t\t\t<span class=\"elementor-counter-number\" data-duration=\"2000\" data-to-value=\"25\" data-from-value=\"0\" data-delimiter=\",\">0<\/span>\n\t\t\t\t<span class=\"elementor-counter-number-suffix\"><\/span>\n\t\t\t<\/div>\n\t\t\t\t\t\t\t<div class=\"elementor-counter-title\">A\u00f1os en el Mercado de Empresas Internacionales y Grandes Grupos<\/div>\n\t\t\t\t\t<\/div>\n\t\t\t\t<\/div>\n\t\t\t\t<\/div>\n\t\t\t\t\t<\/div>\n\t\t<\/div>\n\t\t\t\t<div class=\"elementor-column elementor-col-25 elementor-top-column elementor-element elementor-element-bc6bc67\" data-id=\"bc6bc67\" data-element_type=\"column\">\n\t\t\t<div class=\"elementor-widget-wrap elementor-element-populated\">\n\t\t\t\t\t\t\t\t<div class=\"elementor-element elementor-element-0e48e9f elementor-widget__width-auto elementor-widget elementor-widget-counter\" data-id=\"0e48e9f\" data-element_type=\"widget\" data-widget_type=\"counter.default\">\n\t\t\t\t<div class=\"elementor-widget-container\">\n\t\t\t\t\t<div class=\"elementor-counter\">\n\t\t\t<div class=\"elementor-counter-number-wrapper\">\n\t\t\t\t<span class=\"elementor-counter-number-prefix\"><\/span>\n\t\t\t\t<span class=\"elementor-counter-number\" data-duration=\"2000\" data-to-value=\"20\" data-from-value=\"0\" data-delimiter=\",\">0<\/span>\n\t\t\t\t<span class=\"elementor-counter-number-suffix\"><\/span>\n\t\t\t<\/div>\n\t\t\t\t\t\t\t<div class=\"elementor-counter-title\">Experiencia en temas de Desarrollo en todo Latinoam\u00e9rica y Europa\u200b<\/div>\n\t\t\t\t\t<\/div>\n\t\t\t\t<\/div>\n\t\t\t\t<\/div>\n\t\t\t\t\t<\/div>\n\t\t<\/div>\n\t\t\t\t<div class=\"elementor-column elementor-col-25 elementor-top-column elementor-element elementor-element-ae6a63d\" data-id=\"ae6a63d\" data-element_type=\"column\">\n\t\t\t<div class=\"elementor-widget-wrap elementor-element-populated\">\n\t\t\t\t\t\t\t\t<div class=\"elementor-element elementor-element-2dee005 elementor-widget__width-auto elementor-widget elementor-widget-counter\" data-id=\"2dee005\" data-element_type=\"widget\" data-widget_type=\"counter.default\">\n\t\t\t\t<div class=\"elementor-widget-container\">\n\t\t\t\t\t<div class=\"elementor-counter\">\n\t\t\t<div class=\"elementor-counter-number-wrapper\">\n\t\t\t\t<span class=\"elementor-counter-number-prefix\"><\/span>\n\t\t\t\t<span class=\"elementor-counter-number\" data-duration=\"2000\" data-to-value=\"5000\" data-from-value=\"0\" data-delimiter=\",\">0<\/span>\n\t\t\t\t<span class=\"elementor-counter-number-suffix\"><\/span>\n\t\t\t<\/div>\n\t\t\t\t\t\t\t<div class=\"elementor-counter-title\">Evaluaciones de Directivos Management Assessment Development Program<\/div>\n\t\t\t\t\t<\/div>\n\t\t\t\t<\/div>\n\t\t\t\t<\/div>\n\t\t\t\t\t<\/div>\n\t\t<\/div>\n\t\t\t\t<div class=\"elementor-column elementor-col-25 elementor-top-column elementor-element elementor-element-c70a579\" data-id=\"c70a579\" data-element_type=\"column\">\n\t\t\t<div class=\"elementor-widget-wrap elementor-element-populated\">\n\t\t\t\t\t\t\t\t<div class=\"elementor-element elementor-element-e1636e3 elementor-widget__width-auto elementor-widget elementor-widget-counter\" data-id=\"e1636e3\" data-element_type=\"widget\" data-widget_type=\"counter.default\">\n\t\t\t\t<div class=\"elementor-widget-container\">\n\t\t\t\t\t<div class=\"elementor-counter\">\n\t\t\t<div class=\"elementor-counter-number-wrapper\">\n\t\t\t\t<span class=\"elementor-counter-number-prefix\"><\/span>\n\t\t\t\t<span class=\"elementor-counter-number\" data-duration=\"2000\" data-to-value=\"380\" data-from-value=\"0\" data-delimiter=\",\">0<\/span>\n\t\t\t\t<span class=\"elementor-counter-number-suffix\"><\/span>\n\t\t\t<\/div>\n\t\t\t\t\t\t\t<div class=\"elementor-counter-title\">Adaptaciones de Modelos Corporativos a Cultura Local en temas de Desarrollo\u200b<\/div>\n\t\t\t\t\t<\/div>\n\t\t\t\t<\/div>\n\t\t\t\t<\/div>\n\t\t\t\t\t<\/div>\n\t\t<\/div>\n\t\t\t\t\t\t\t<\/div>\n\t\t<\/section>\n\t\t\t\t<section class=\"elementor-section elementor-top-section elementor-element elementor-element-05c27bd elementor-section-full_width bw-flipbox-ys elementor-section-height-default elementor-section-height-default\" data-id=\"05c27bd\" data-element_type=\"section\">\n\t\t\t\t\t\t<div class=\"elementor-container elementor-column-gap-custom\">\n\t\t\t\t\t<div class=\"elementor-column elementor-col-25 elementor-top-column elementor-element elementor-element-107ded2 bw-flipbox-ys\" data-id=\"107ded2\" data-element_type=\"column\">\n\t\t\t<div class=\"elementor-widget-wrap elementor-element-populated\">\n\t\t\t\t\t\t\t\t<div class=\"elementor-element elementor-element-b0bfe17 bw-flipbox-ys elementor-widget elementor-widget-fancy-elementor-flipbox\" data-id=\"b0bfe17\" data-element_type=\"widget\" data-widget_type=\"fancy-elementor-flipbox.default\">\n\t\t\t\t<div class=\"elementor-widget-container\">\n\t\t\t<div id=\"flip-demo-0\" class=\"tp-flipbox flip-box-style tp-flipbox--vertical\" onclick=\"\">    <div class=\"tp-flipbox__holder\" >        <div class=\"tp-flipbox__front\" style=\" background-color:#FFFFFF;background-image: url();\">            <div class=\"tp-flipbox__content\">                <div class=\"tp-flipbox__icon-front\">                    <img decoding=\"async\" src=\"https:\/\/yolandaserrano.com.ar\/wp-content\/uploads\/2021\/02\/plantacopiada-1.png\"\/>                <\/div>                <div class=\"tp-flipbox__title-front\"><\/div>                <div class=\"tp-flipbox__desc-front\"><\/div>            <\/div>        <\/div>        <div class=\"tp-flipbox__back\" style=\"background-image: url();\" >            <div class=\"tp-flipbox__content\">                <div class=\"tp-flipbox__icon-back\">                    <img decoding=\"async\" src=\"\"\/>                <\/div>                <div class=\"tp-flipbox__title-back\">GESTI\u00d3N Y DESARROLLO DEL TALENTO<\/div>                <div class=\"tp-flipbox__desc-back\"><\/div>               <div class=\"tp-flipbox__action\">                    <a   href=\"https:\/\/yolandaserrano.com.ar\/es\/gestion-y-desarrollo-del-talento\/\" class=\"tp-flipbox__btn\">Conocer m\u00e1s<\/a>                   <\/div>                <\/div>            <\/div>        <\/div>    <\/div>\t\t<\/div>\n\t\t\t\t<\/div>\n\t\t\t\t\t<\/div>\n\t\t<\/div>\n\t\t\t\t<div class=\"elementor-column elementor-col-25 elementor-top-column elementor-element elementor-element-5b23f10\" data-id=\"5b23f10\" data-element_type=\"column\">\n\t\t\t<div class=\"elementor-widget-wrap elementor-element-populated\">\n\t\t\t\t\t\t\t\t<div class=\"elementor-element elementor-element-3a68387 bw-flipbox-ys elementor-widget elementor-widget-fancy-elementor-flipbox\" data-id=\"3a68387\" data-element_type=\"widget\" data-widget_type=\"fancy-elementor-flipbox.default\">\n\t\t\t\t<div class=\"elementor-widget-container\">\n\t\t\t<div id=\"flip-demo-0\" class=\"tp-flipbox flip-box-style tp-flipbox--vertical\" onclick=\"\">    <div class=\"tp-flipbox__holder\" >        <div class=\"tp-flipbox__front\" style=\" background-color:#FFFFFF;background-image: url();\">            <div class=\"tp-flipbox__content\">                <div class=\"tp-flipbox__icon-front\">                    <img decoding=\"async\" src=\"https:\/\/yolandaserrano.com.ar\/wp-content\/uploads\/2021\/02\/laberintocopiado.png\"\/>                <\/div>                <div class=\"tp-flipbox__title-front\"><\/div>                <div class=\"tp-flipbox__desc-front\"><\/div>            <\/div>        <\/div>        <div class=\"tp-flipbox__back\" style=\"background-image: url();\" >            <div class=\"tp-flipbox__content\">                <div class=\"tp-flipbox__icon-back\">                    <img decoding=\"async\" src=\"\"\/>                <\/div>                <div class=\"tp-flipbox__title-back\">BUSINESS COACHING<\/div>                <div class=\"tp-flipbox__desc-back\"><\/div>               <div class=\"tp-flipbox__action\">                    <a   href=\"https:\/\/yolandaserrano.com.ar\/business-coaching\/\" class=\"tp-flipbox__btn\">Conocer m\u00e1s<\/a>                   <\/div>                <\/div>            <\/div>        <\/div>    <\/div>\t\t<\/div>\n\t\t\t\t<\/div>\n\t\t\t\t\t<\/div>\n\t\t<\/div>\n\t\t\t\t<div class=\"elementor-column elementor-col-25 elementor-top-column elementor-element elementor-element-84d57fa\" data-id=\"84d57fa\" data-element_type=\"column\">\n\t\t\t<div class=\"elementor-widget-wrap elementor-element-populated\">\n\t\t\t\t\t\t\t\t<div class=\"elementor-element elementor-element-d0cf8bb bw-flipbox-ys elementor-widget elementor-widget-fancy-elementor-flipbox\" data-id=\"d0cf8bb\" data-element_type=\"widget\" data-widget_type=\"fancy-elementor-flipbox.default\">\n\t\t\t\t<div class=\"elementor-widget-container\">\n\t\t\t<div id=\"flip-demo-0\" class=\"tp-flipbox flip-box-style tp-flipbox--vertical\" onclick=\"\">    <div class=\"tp-flipbox__holder\" >        <div class=\"tp-flipbox__front\" style=\" background-color:#FFFFFF;background-image: url();\">            <div class=\"tp-flipbox__content\">                <div class=\"tp-flipbox__icon-front\">                    <img decoding=\"async\" src=\"https:\/\/yolandaserrano.com.ar\/wp-content\/uploads\/2021\/02\/olacopiado.png\"\/>                <\/div>                <div class=\"tp-flipbox__title-front\"><\/div>                <div class=\"tp-flipbox__desc-front\"><\/div>            <\/div>        <\/div>        <div class=\"tp-flipbox__back\" style=\"background-image: url();\" >            <div class=\"tp-flipbox__content\">                <div class=\"tp-flipbox__icon-back\">                    <img decoding=\"async\" src=\"\"\/>                <\/div>                <div class=\"tp-flipbox__title-back\">PROGRAMAS DE LIDERAZGO<\/div>                <div class=\"tp-flipbox__desc-back\"><\/div>               <div class=\"tp-flipbox__action\">                    <a   href=\"https:\/\/yolandaserrano.com.ar\/programas-de-liderazgo\/\" class=\"tp-flipbox__btn\">Conocer m\u00e1s<\/a>                   <\/div>                <\/div>            <\/div>        <\/div>    <\/div>\t\t<\/div>\n\t\t\t\t<\/div>\n\t\t\t\t\t<\/div>\n\t\t<\/div>\n\t\t\t\t<div class=\"elementor-column elementor-col-25 elementor-top-column elementor-element elementor-element-ffcf7a7\" data-id=\"ffcf7a7\" data-element_type=\"column\" data-settings=\"{&quot;background_background&quot;:&quot;slideshow&quot;,&quot;background_slideshow_gallery&quot;:[],&quot;background_slideshow_loop&quot;:&quot;yes&quot;,&quot;background_slideshow_slide_duration&quot;:5000,&quot;background_slideshow_slide_transition&quot;:&quot;fade&quot;,&quot;background_slideshow_transition_duration&quot;:500}\">\n\t\t\t<div class=\"elementor-widget-wrap elementor-element-populated\">\n\t\t\t\t\t\t\t\t<div class=\"elementor-element elementor-element-b99e835 bw-flipbox-ys elementor-widget elementor-widget-fancy-elementor-flipbox\" data-id=\"b99e835\" data-element_type=\"widget\" data-widget_type=\"fancy-elementor-flipbox.default\">\n\t\t\t\t<div class=\"elementor-widget-container\">\n\t\t\t<div id=\"flip-demo-0\" class=\"tp-flipbox flip-box-style tp-flipbox--vertical\" onclick=\"\">    <div class=\"tp-flipbox__holder\" >        <div class=\"tp-flipbox__front\" style=\" background-color:#FFFFFF;background-image: url();\">            <div class=\"tp-flipbox__content\">                <div class=\"tp-flipbox__icon-front\">                    <img decoding=\"async\" src=\"https:\/\/yolandaserrano.com.ar\/wp-content\/uploads\/2021\/02\/rutacopiado.png\"\/>                <\/div>                <div class=\"tp-flipbox__title-front\"><\/div>                <div class=\"tp-flipbox__desc-front\"><\/div>            <\/div>        <\/div>        <div class=\"tp-flipbox__back\" style=\"background-image: url();\" >            <div class=\"tp-flipbox__content\">                <div class=\"tp-flipbox__icon-back\">                    <img decoding=\"async\" src=\"\"\/>                <\/div>                <div class=\"tp-flipbox__title-back\">OUTPLACEMENT Y REDISE\u00d1O DE CARRERA<\/div>                <div class=\"tp-flipbox__desc-back\"><\/div>               <div class=\"tp-flipbox__action\">                    <a   href=\"https:\/\/yolandaserrano.com.ar\/servicios\/outplacement-y-desarrollo-de-carrera\/\" class=\"tp-flipbox__btn\">Conocer m\u00e1s<\/a>                   <\/div>                <\/div>            <\/div>        <\/div>    <\/div>\t\t<\/div>\n\t\t\t\t<\/div>\n\t\t\t\t\t<\/div>\n\t\t<\/div>\n\t\t\t\t\t\t\t<\/div>\n\t\t<\/section>\n\t\t\t\t\t\t<\/div>\n\t\t\t\t\t<\/div>\n\t\t","protected":false},"excerpt":{"rendered":"<p>0 A\u00f1os en el Mercado de Empresas Internacionales y Grandes Grupos 0 Experiencia en temas de Desarrollo en todo Latinoam\u00e9rica y Europa\u200b 0 Evaluaciones de Directivos Management Assessment Development Program 0 Adaptaciones de Modelos Corporativos a Cultura Local en temas de Desarrollo\u200b GESTI\u00d3N Y DESARROLLO DEL TALENTO Conocer m\u00e1s BUSINESS COACHING Conocer m\u00e1s PROGRAMAS DE [&hellip;]<\/p>\n","protected":false},"author":1,"featured_media":0,"parent":0,"menu_order":0,"comment_status":"closed","ping_status":"closed","template":"","meta":{"footnotes":""},"class_list":["post-366","page","type-page","status-publish","hentry"],"blocksy_meta":{"page_title_panel":"","has_hero_section":"disabled","f14f85185be7bf5e4b9cd8e39a9b78d5":"","hero_section":"type-1","hero_alignment1":"left","hero_alignment2":"center","hero_height":"230px","page_title_bg_type":"color","custom_hero_background":{"attachment_id":null},"parallax":{"desktop":false,"tablet":false,"mobile":false},"f77d94981ecd408488699a919150543f":"","single_meta_elements":{"author":false,"date":false,"categories":false,"comments":false,"updated":false,"tags":false},"has_meta_label":"yes","has_meta_avatar":"yes","date_format_source":"custom","single_meta_date_format":"M j, Y","8f3b60b9ec2691fe2ba258efbb20e58c":"","page_excerpt_visibility":{"desktop":true,"tablet":true,"mobile":false},"pageTitleFont":{"family":"Default","variation":"Default","size":{"desktop":"32px","tablet":"30px","mobile":"25px"},"line-height":"1.3","letter-spacing":"CT_CSS_SKIP_RULE","text-transform":"CT_CSS_SKIP_RULE","text-decoration":"CT_CSS_SKIP_RULE"},"pageTitleFontColor":{"default":{"color":"CT_CSS_SKIP_RULEDEFAULT"}},"pageMetaFont":{"family":"Default","variation":"n6","size":{"desktop":"12px","tablet":"12px","mobile":"12px"},"line-height":"1.3","letter-spacing":"CT_CSS_SKIP_RULE","text-transform":"uppercase","text-decoration":"CT_CSS_SKIP_RULE"},"pageMetaFontColor":{"default":{"color":"CT_CSS_SKIP_RULEDEFAULT"},"hover":{"color":"CT_CSS_SKIP_RULEDEFAULT"}},"pageExcerptFont":{"family":"Default","variation":"n5","size":"CT_CSS_SKIP_RULE","line-height":"CT_CSS_SKIP_RULE","letter-spacing":"CT_CSS_SKIP_RULE","text-transform":"CT_CSS_SKIP_RULE","text-decoration":"CT_CSS_SKIP_RULE"},"pageExcerptColor":{"default":{"color":"CT_CSS_SKIP_RULEDEFAULT"}},"pageTitleOverlay":{"default":{"color":"rgba(41, 51, 60, 0.2)"}},"pageTitleBackground":{"background_type":"color","background_pattern":"type-1","background_image":{"attachment_id":null,"x":0,"y":0},"background_repeat":"no-repeat","background_size":"auto","background_attachment":"scroll","patternColor":{"default":{"color":"#e5e7ea"}},"backgroundColor":{"default":{"color":"#EDEFF2"}},"default":{"color":"#EDEFF2"}},"3a9d195426167727e2bdd54ca382bd2c":"","page_structure_type":"default","page_enable_vertical_spacing":"no","cc6a193975c18963288ad011551d9961":"","disable_featured_image":"no","7981158ae68a16f509a0258749fc9a09":"","67d70c521aca4abfee3452c47c9450a9":"","bc64f5adb9c0a1c7f26bca663114f9ba":"","a76006027f55b34cd6a5201dc26261f7":"","fa13c2ffa7fd6fc8f6a3acd9a27c3e05":"","f0c89fd568da69487a7c1fe1f0bd9ec8":"","hero_elements":[{"id":"custom_title","enabled":true,"heading_tag":"h1","title":"Home"},{"id":"custom_description","enabled":true,"description_visibility":{"desktop":true,"tablet":true,"mobile":false}},{"id":"custom_meta","enabled":false,"meta_elements":[{"id":"author","enabled":true,"label":"By","has_author_avatar":"yes","avatar_size":25},{"id":"post_date","enabled":true,"label":"On","date_format_source":"default","date_format":"M j, Y"},{"id":"comments","enabled":true}],"page_meta_elements":{"joined":true,"articles_count":true,"comments":true}},{"id":"breadcrumbs","enabled":false}],"1a40c01ed32d64c059beadd663caa755":"","hero_vertical_alignment":"center","hero_structure":"narrow","breadcrumbsFont":{"family":"Default","variation":"n6","size":"12px","line-height":"CT_CSS_SKIP_RULE","letter-spacing":"CT_CSS_SKIP_RULE","text-transform":"uppercase","text-decoration":"CT_CSS_SKIP_RULE"},"breadcrumbsFontColor":{"default":{"color":"CT_CSS_SKIP_RULEDEFAULT"},"initial":{"color":"CT_CSS_SKIP_RULEDEFAULT"},"hover":{"color":"CT_CSS_SKIP_RULEDEFAULT"}},"94b799e3109bf6c952cafcf946e0ee78":"","content_style":"inherit","vertical_spacing_source":"custom","content_area_spacing":"none","background":{"background_type":"color","background_pattern":"type-1","background_image":{"attachment_id":null,"x":0,"y":0},"background_repeat":"no-repeat","background_size":"auto","background_attachment":"scroll","patternColor":{"default":{"color":"#e5e7ea"}},"backgroundColor":{"default":{"color":"CT_CSS_SKIP_RULE"}}},"content_background":{"background_type":"color","background_pattern":"type-1","background_image":{"attachment_id":null,"x":0,"y":0},"background_repeat":"no-repeat","background_size":"auto","background_attachment":"scroll","patternColor":{"default":{"color":"#e5e7ea"}},"backgroundColor":{"default":{"color":"#ffffff"}}},"content_boxed_spacing":{"desktop":"40px","tablet":"35px","mobile":"20px"},"content_boxed_radius":{"top":"3px","bottom":"3px","left":"3px","right":"3px","linked":true},"content_boxed_shadow":{"blur":18,"spread":-6,"v_offset":12,"h_offset":0,"inset":false,"enable":true,"color":{"color":"rgba(34, 56, 101, 0.04)"}},"1a643944ccacbcf94c4ae53c5a3a7cf5":""},"_links":{"self":[{"href":"https:\/\/yolandaserrano.com.ar\/es\/wp-json\/wp\/v2\/pages\/366","targetHints":{"allow":["GET"]}}],"collection":[{"href":"https:\/\/yolandaserrano.com.ar\/es\/wp-json\/wp\/v2\/pages"}],"about":[{"href":"https:\/\/yolandaserrano.com.ar\/es\/wp-json\/wp\/v2\/types\/page"}],"author":[{"embeddable":true,"href":"https:\/\/yolandaserrano.com.ar\/es\/wp-json\/wp\/v2\/users\/1"}],"replies":[{"embeddable":true,"href":"https:\/\/yolandaserrano.com.ar\/es\/wp-json\/wp\/v2\/comments?post=366"}],"version-history":[{"count":1212,"href":"https:\/\/yolandaserrano.com.ar\/es\/wp-json\/wp\/v2\/pages\/366\/revisions"}],"predecessor-version":[{"id":2741,"href":"https:\/\/yolandaserrano.com.ar\/es\/wp-json\/wp\/v2\/pages\/366\/revisions\/2741"}],"wp:attachment":[{"href":"https:\/\/yolandaserrano.com.ar\/es\/wp-json\/wp\/v2\/media?parent=366"}],"curies":[{"name":"wp","href":"https:\/\/api.w.org\/{rel}","templated":true}]}}