{"id":426,"date":"2021-02-11T17:49:45","date_gmt":"2021-02-11T17:49:45","guid":{"rendered":"https:\/\/sistemasdouet.com.ar\/?page_id=426"},"modified":"2021-03-01T05:47:06","modified_gmt":"2021-03-01T05:47:06","slug":"gestion-y-desarrollo-del-talento","status":"publish","type":"page","link":"https:\/\/yolandaserrano.com.ar\/es\/gestion-y-desarrollo-del-talento\/","title":{"rendered":"GESTI\u00d3N Y DESARROLLO DEL TALENTO"},"content":{"rendered":"\t\t<div data-elementor-type=\"wp-page\" data-elementor-id=\"426\" class=\"elementor elementor-426\" data-elementor-settings=\"[]\">\n\t\t\t\t\t\t\t<div class=\"elementor-section-wrap\">\n\t\t\t\t\t\t\t<section class=\"elementor-section elementor-top-section elementor-element elementor-element-59f286e ct-section-stretched elementor-section-full_width elementor-section-height-min-height elementor-section-height-default elementor-section-items-middle\" data-id=\"59f286e\" data-element_type=\"section\">\n\t\t\t\t\t\t<div class=\"elementor-container elementor-column-gap-default\">\n\t\t\t\t\t<div class=\"elementor-column elementor-col-100 elementor-top-column elementor-element elementor-element-7871c3f\" data-id=\"7871c3f\" data-element_type=\"column\">\n\t\t\t<div class=\"elementor-widget-wrap elementor-element-populated\">\n\t\t\t\t\t\t\t\t<div class=\"elementor-element elementor-element-9636828 elementor-widget__width-inherit elementor-widget elementor-widget-image\" data-id=\"9636828\" data-element_type=\"widget\" data-widget_type=\"image.default\">\n\t\t\t\t<div class=\"elementor-widget-container\">\n\t\t\t\t\t<div class=\"elementor-image\">\n\t\t\t\t\t\t\t\t\t\t<img loading=\"lazy\" decoding=\"async\" width=\"1900\" height=\"430\" src=\"https:\/\/yolandaserrano.com.ar\/wp-content\/uploads\/2021\/02\/talento-seccion-1900x430-1.jpg\" class=\"attachment-full size-full\" alt=\"\" srcset=\"https:\/\/yolandaserrano.com.ar\/wp-content\/uploads\/2021\/02\/talento-seccion-1900x430-1.jpg 1900w, https:\/\/yolandaserrano.com.ar\/wp-content\/uploads\/2021\/02\/talento-seccion-1900x430-1-300x68.jpg 300w, https:\/\/yolandaserrano.com.ar\/wp-content\/uploads\/2021\/02\/talento-seccion-1900x430-1-1024x232.jpg 1024w, https:\/\/yolandaserrano.com.ar\/wp-content\/uploads\/2021\/02\/talento-seccion-1900x430-1-768x174.jpg 768w, https:\/\/yolandaserrano.com.ar\/wp-content\/uploads\/2021\/02\/talento-seccion-1900x430-1-1536x348.jpg 1536w, https:\/\/yolandaserrano.com.ar\/wp-content\/uploads\/2021\/02\/talento-seccion-1900x430-1-600x136.jpg 600w\" sizes=\"auto, (max-width: 1900px) 100vw, 1900px\" \/>\t\t\t\t\t\t\t\t\t\t\t<\/div>\n\t\t\t\t<\/div>\n\t\t\t\t<\/div>\n\t\t\t\t\t<\/div>\n\t\t<\/div>\n\t\t\t\t\t\t\t<\/div>\n\t\t<\/section>\n\t\t\t\t<section class=\"elementor-section elementor-top-section elementor-element elementor-element-4df5096 elementor-section-boxed elementor-section-height-default elementor-section-height-default\" data-id=\"4df5096\" data-element_type=\"section\">\n\t\t\t\t\t\t<div class=\"elementor-container elementor-column-gap-default\">\n\t\t\t\t\t<div class=\"elementor-column elementor-col-100 elementor-top-column elementor-element elementor-element-4e2b4ae\" data-id=\"4e2b4ae\" data-element_type=\"column\">\n\t\t\t<div class=\"elementor-widget-wrap elementor-element-populated\">\n\t\t\t\t\t\t\t\t<div class=\"elementor-element elementor-element-1b0fee0 elementor-widget elementor-widget-text-editor\" data-id=\"1b0fee0\" data-element_type=\"widget\" data-widget_type=\"text-editor.default\">\n\t\t\t\t<div class=\"elementor-widget-container\">\n\t\t\t\t\t<div class=\"elementor-text-editor elementor-clearfix\"><div data-mk-stretch-content=\"true\">\n<div>\n<div>\n<div>\n<div>\n<p style=\"line-height: 0.6;\"><span style=\"color: #bab980;\"><strong>\u00a0<\/strong><\/span><\/p>\n<p style=\"line-height: 1;\"><span style=\"color: #bab980;\"><strong>DESARROLLO DE PERSONAS:<\/strong><\/span><\/p>\n<p style=\"text-align: JUSTIFY;\"><span style=\"color: #828282;\">Realizamos Evaluaciones de Potencial, Management Assessment, Mapeos Organizacionales, para poder Identificar, desarrollar y permitir movilidad en sus cuadros de reemplazo. Las experiencias se han desarrollado tanto de manera Local como Internacional en Organizaciones Americanas o Europeas. Utilizamos \u00faltimas tecnolog\u00edas, incorporando herramientas On Line, de renombre Internacional, multilingual. Con la experiencia de trabajar en todos los pa\u00edses de Latinoam\u00e9rica, damos una mirada \u201cdiferencial\u201d comprendiendo la cultura local, sin dejar de lado la mirada Internacional.<\/span><\/p>\n<p style=\"text-align: JUSTIFY;\"><span style=\"color: #828282;\">\u00a0<\/span><\/p>\n\n<\/div>\n<div>\n<p style=\"line-height: 0.6;\"><span style=\"color: #bab980;\"><strong>RETENCI\u00d3N DEL TALENTO:<\/strong><\/span><\/p>\n<p style=\"text-align: JUSTIFY;\"><span style=\"color: #828282;\">Se trata de desarrollar nuevas iniciativas relacionadas con la generacio\u0301n de compromiso y motivacio\u0301n, contribuyendo a una relaci\u00f3n m\u00e1s directa y cercana. Hoy m\u00e1s all\u00e1 de las pol\u00edticas compensatorias, es un tema clave poder identificar, vincular y retener talento competente.<\/span><\/p>\n\n<ul>\n \t<li>\n<p style=\"line-height: 0.6;\"><span style=\"color: #bab980;\"><strong>FEEDBACK CONTINUO<\/strong><strong>:<\/strong><\/span><\/p>\n<\/li>\n<\/ul>\n<p style=\"text-align: JUSTIFY;\"><span style=\"color: #828282;\">\u201cLa retroalimentaci\u00f3n es el desayuno de los campeones\u201d, asegura Ken Blanchard, uno de los m\u00e1s prestigiosos expertos internacionales en\u00a0 temas de Management. La \u00a0Evaluacio\u0301n del desempen\u0303o propiamente dicha, tiende a desaparecer. Antes, se esperaba dicha Evaluaci\u00f3n para dar feedback; hoy la din\u00e1mica de las organizaciones, proyectos y nueva generaciones, requieren de que el feedback, como herramienta de desarrollo, \u201csea continuo\u201d. Hoy, desde la Psicolog\u00eda Positiva y desde la Mirada Apreciativa, formamos L\u00edderes actualizados para poder dar respuesta a estas nuevas metodolog\u00edas. Pueden correr sobre plataformas propias o desarrolladas \u201ca medida\u201d para los registros necesarios.<\/span><\/p>\n\n<ul>\n \t<li>\n<p style=\"line-height: 0.6;\"><strong>EVALUACI\u00d3N DE COMPETENCIAS<\/strong><strong>:<\/strong><\/p>\n<\/li>\n<\/ul>\n<p style=\"text-align: JUSTIFY;\"><span style=\"color: #828282;\">A trav\u00e9s de Metodolog\u00eda de Assessment Center y Development Center, y utilizaci\u00f3n de herramientas tecnol\u00f3gicas de \u00faltima generaci\u00f3n, medimos y evaluamos, con precisi\u00f3n y sobre todo con respeto y \u00e9tica profesional. Comprendemos la responsabilidad que esta tarea implica y trabajamos con profesionales de amplia experiencia, desarrollada de manera Local e Internacional.<\/span><\/p>\n\n<ul>\n \t<li>\n<p style=\"line-height: 0.6;\"><strong>EVALUACIONES PSICOT\u00c9CNICAS<\/strong><strong>:<\/strong><\/p>\n<\/li>\n<\/ul>\n<p style=\"text-align: JUSTIFY;\"><span style=\"color: #828282;\">Psic\u00f3logos altamente calificados, formados en Evaluaciones Psicom\u00e9tricas y proyectivas, han creado evaluaciones presenciales y a \u201cdistancia\u201d, evitando costos innecesarios de traslados de profesionales o postulantes. Incorporamos Entrevistas por Competencias, como una herramienta \u201csincr\u00e9tica e integradora\u201d, que permite como hilo conductor, unir los diferentes aspectos de la Evaluaci\u00f3n.<\/span><\/p>\n\n<\/div>\n<div><\/div>\n<\/div>\n<\/div>\n<\/div>\n<\/div><\/div>\n\t\t\t\t<\/div>\n\t\t\t\t<\/div>\n\t\t\t\t\t<\/div>\n\t\t<\/div>\n\t\t\t\t\t\t\t<\/div>\n\t\t<\/section>\n\t\t\t\t\t\t<\/div>\n\t\t\t\t\t<\/div>\n\t\t","protected":false},"excerpt":{"rendered":"<p>\u00a0 DESARROLLO DE PERSONAS: Realizamos Evaluaciones de Potencial, Management Assessment, Mapeos Organizacionales, para poder Identificar, desarrollar y permitir movilidad en sus cuadros de reemplazo. Las experiencias se han desarrollado tanto de manera Local como Internacional en Organizaciones Americanas o Europeas. Utilizamos \u00faltimas tecnolog\u00edas, incorporando herramientas On Line, de renombre Internacional, multilingual. Con la experiencia de [&hellip;]<\/p>\n","protected":false},"author":1,"featured_media":0,"parent":0,"menu_order":0,"comment_status":"closed","ping_status":"closed","template":"","meta":{"footnotes":""},"class_list":["post-426","page","type-page","status-publish","hentry"],"blocksy_meta":"","_links":{"self":[{"href":"https:\/\/yolandaserrano.com.ar\/es\/wp-json\/wp\/v2\/pages\/426","targetHints":{"allow":["GET"]}}],"collection":[{"href":"https:\/\/yolandaserrano.com.ar\/es\/wp-json\/wp\/v2\/pages"}],"about":[{"href":"https:\/\/yolandaserrano.com.ar\/es\/wp-json\/wp\/v2\/types\/page"}],"author":[{"embeddable":true,"href":"https:\/\/yolandaserrano.com.ar\/es\/wp-json\/wp\/v2\/users\/1"}],"replies":[{"embeddable":true,"href":"https:\/\/yolandaserrano.com.ar\/es\/wp-json\/wp\/v2\/comments?post=426"}],"version-history":[{"count":89,"href":"https:\/\/yolandaserrano.com.ar\/es\/wp-json\/wp\/v2\/pages\/426\/revisions"}],"predecessor-version":[{"id":2725,"href":"https:\/\/yolandaserrano.com.ar\/es\/wp-json\/wp\/v2\/pages\/426\/revisions\/2725"}],"wp:attachment":[{"href":"https:\/\/yolandaserrano.com.ar\/es\/wp-json\/wp\/v2\/media?parent=426"}],"curies":[{"name":"wp","href":"https:\/\/api.w.org\/{rel}","templated":true}]}}