{"id":428,"date":"2021-02-11T17:50:22","date_gmt":"2021-02-11T17:50:22","guid":{"rendered":"https:\/\/sistemasdouet.com.ar\/?page_id=428"},"modified":"2021-03-01T06:08:18","modified_gmt":"2021-03-01T06:08:18","slug":"outplacement-y-desarrollo-de-carrera","status":"publish","type":"page","link":"https:\/\/yolandaserrano.com.ar\/es\/servicios\/outplacement-y-desarrollo-de-carrera\/","title":{"rendered":"OUTPLACEMENT Y DESARROLLO DE CARRERA"},"content":{"rendered":"\t\t<div data-elementor-type=\"wp-page\" data-elementor-id=\"428\" class=\"elementor elementor-428\" data-elementor-settings=\"[]\">\n\t\t\t\t\t\t\t<div class=\"elementor-section-wrap\">\n\t\t\t\t\t\t\t<section class=\"elementor-section elementor-top-section elementor-element elementor-element-385e598b ct-section-stretched elementor-section-full_width elementor-section-height-min-height elementor-section-height-default elementor-section-items-middle\" data-id=\"385e598b\" data-element_type=\"section\">\n\t\t\t\t\t\t<div class=\"elementor-container elementor-column-gap-default\">\n\t\t\t\t\t<div class=\"elementor-column elementor-col-100 elementor-top-column elementor-element elementor-element-7a5e9422\" data-id=\"7a5e9422\" data-element_type=\"column\">\n\t\t\t<div class=\"elementor-widget-wrap elementor-element-populated\">\n\t\t\t\t\t\t\t\t<div class=\"elementor-element elementor-element-1914f267 elementor-widget__width-inherit elementor-widget elementor-widget-image\" data-id=\"1914f267\" data-element_type=\"widget\" data-widget_type=\"image.default\">\n\t\t\t\t<div class=\"elementor-widget-container\">\n\t\t\t\t\t<div class=\"elementor-image\">\n\t\t\t\t\t\t\t\t\t\t<img loading=\"lazy\" decoding=\"async\" width=\"1900\" height=\"400\" src=\"https:\/\/yolandaserrano.com.ar\/wp-content\/uploads\/2021\/02\/oupl1900x400.jpg\" class=\"attachment-full size-full\" alt=\"\" srcset=\"https:\/\/yolandaserrano.com.ar\/wp-content\/uploads\/2021\/02\/oupl1900x400.jpg 1900w, https:\/\/yolandaserrano.com.ar\/wp-content\/uploads\/2021\/02\/oupl1900x400-300x63.jpg 300w, https:\/\/yolandaserrano.com.ar\/wp-content\/uploads\/2021\/02\/oupl1900x400-1024x216.jpg 1024w, https:\/\/yolandaserrano.com.ar\/wp-content\/uploads\/2021\/02\/oupl1900x400-768x162.jpg 768w, https:\/\/yolandaserrano.com.ar\/wp-content\/uploads\/2021\/02\/oupl1900x400-1536x323.jpg 1536w, https:\/\/yolandaserrano.com.ar\/wp-content\/uploads\/2021\/02\/oupl1900x400-600x126.jpg 600w\" sizes=\"auto, (max-width: 1900px) 100vw, 1900px\" \/>\t\t\t\t\t\t\t\t\t\t\t<\/div>\n\t\t\t\t<\/div>\n\t\t\t\t<\/div>\n\t\t\t\t\t<\/div>\n\t\t<\/div>\n\t\t\t\t\t\t\t<\/div>\n\t\t<\/section>\n\t\t\t\t<section class=\"elementor-section elementor-top-section elementor-element elementor-element-348639fa elementor-section-boxed elementor-section-height-default elementor-section-height-default\" data-id=\"348639fa\" data-element_type=\"section\">\n\t\t\t\t\t\t<div class=\"elementor-container elementor-column-gap-default\">\n\t\t\t\t\t<div class=\"elementor-column elementor-col-100 elementor-top-column elementor-element elementor-element-57821e11\" data-id=\"57821e11\" data-element_type=\"column\">\n\t\t\t<div class=\"elementor-widget-wrap elementor-element-populated\">\n\t\t\t\t\t\t\t\t<div class=\"elementor-element elementor-element-79a4c564 elementor-widget elementor-widget-text-editor\" data-id=\"79a4c564\" data-element_type=\"widget\" data-widget_type=\"text-editor.default\">\n\t\t\t\t<div class=\"elementor-widget-container\">\n\t\t\t\t\t<div class=\"elementor-text-editor elementor-clearfix\"><div data-mk-stretch-content=\"true\"><div><div><div><div><p style=\"text-align: JUSTIFY;\"><strong><br \/>PROGRAMAS DE OUTPLACEMENT: <\/strong><span style=\"color: #828282;\">promueve la reinserci\u00f3n laboral, a trav\u00e9s del auto conocimiento, sus fortalezas y \u00e1reas de oportunidad, trabajando con bater\u00edas de evaluaciones y feedback permanente, facilitando la identificaci\u00f3n de su nuevo lugar del trabajo y el mercado al que puede aplicar. Trabajamos con la gesti\u00f3n y el desarrollo de su carrera actual, creando escenarios alternativos para su futura re insercion laboral. Un Modulo del programa, son las herramientas a utilizar, adecuadas a la Selecci\u00f3n 4.0.<\/span><\/p><div><p style=\"text-align: JUSTIFY;\"><strong>PROGRAMAS DE INPLACEMENT: <\/strong><span style=\"color: #828282;\">es un nuevo concepto que va adquiriendo fuerza en las empresas y trata la \u201cre orientacion laboral\u201d de las personas en las Organizaciones, que sufren permanentes cambios del mercado, de re estructuraciones y nuevas tecnolog\u00edas.<\/span><\/p><div><p style=\"text-align: JUSTIFY;\"><span style=\"color: #828282;\">El Inplacement consiste en analizar hacia d\u00f3nde se orienta la empresa, abriendo en primer lugar la perspectiva de crecimiento y posibles cambios inminentes en base a su giro y actividades. Se analiza el impacto que tendr\u00e1n en los empleados actuales y cu\u00e1les de ellos, pudieran salir de las nuevas estructuras.<\/span><\/p><p style=\"text-align: JUSTIFY;\"><strong>TRANSICI\u00d3N DE CARRERA Y PRE JUBILABLES: <\/strong><\/p><\/div><div>\u00a0<\/div><\/div><\/div><\/div><\/div><\/div><\/div><\/div>\n\t\t\t\t<\/div>\n\t\t\t\t<\/div>\n\t\t\t\t\t<\/div>\n\t\t<\/div>\n\t\t\t\t\t\t\t<\/div>\n\t\t<\/section>\n\t\t\t\t<section class=\"elementor-section elementor-top-section elementor-element elementor-element-2a181c4 elementor-section-boxed elementor-section-height-default elementor-section-height-default\" data-id=\"2a181c4\" data-element_type=\"section\">\n\t\t\t\t\t\t<div class=\"elementor-container elementor-column-gap-default\">\n\t\t\t\t\t<div class=\"elementor-column elementor-col-100 elementor-top-column elementor-element elementor-element-c3e7f05\" data-id=\"c3e7f05\" data-element_type=\"column\">\n\t\t\t<div class=\"elementor-widget-wrap elementor-element-populated\">\n\t\t\t\t\t\t\t\t<div class=\"elementor-element elementor-element-eaa05e3 elementor-widget elementor-widget-text-editor\" data-id=\"eaa05e3\" data-element_type=\"widget\" data-widget_type=\"text-editor.default\">\n\t\t\t\t<div class=\"elementor-widget-container\">\n\t\t\t\t\t<div class=\"elementor-text-editor elementor-clearfix\"><h5><em><span style=\"color: #bab97f;\">\u00abNuestra identidad no es un \u00abTesoro Oculto\u00bb.\u00bb<\/span><\/em><\/h5><\/div>\n\t\t\t\t<\/div>\n\t\t\t\t<\/div>\n\t\t\t\t\t<\/div>\n\t\t<\/div>\n\t\t\t\t\t\t\t<\/div>\n\t\t<\/section>\n\t\t\t\t<section class=\"elementor-section elementor-top-section elementor-element elementor-element-8c25b96 elementor-section-boxed elementor-section-height-default elementor-section-height-default\" data-id=\"8c25b96\" data-element_type=\"section\">\n\t\t\t\t\t\t<div class=\"elementor-container elementor-column-gap-default\">\n\t\t\t\t\t<div class=\"elementor-column elementor-col-100 elementor-top-column elementor-element elementor-element-e3defda\" data-id=\"e3defda\" data-element_type=\"column\">\n\t\t\t<div class=\"elementor-widget-wrap elementor-element-populated\">\n\t\t\t\t\t\t\t\t<div class=\"elementor-element elementor-element-bcb5623 elementor-widget elementor-widget-text-editor\" data-id=\"bcb5623\" data-element_type=\"widget\" data-widget_type=\"text-editor.default\">\n\t\t\t\t<div class=\"elementor-widget-container\">\n\t\t\t\t\t<div class=\"elementor-text-editor elementor-clearfix\"><div data-mk-stretch-content=\"true\">\n<div>\n<div>\n<div>\n<div>\n<p style=\"text-align: JUSTIFY;\"><strong>\nTRANSICI\u00d3N DE CARRERA: <\/strong><\/p>\n\n\n<p style=\"text-align: JUSTIFY;\"><span style=\"color: #828282;\">Cambiar\u00a0la\u00a0Carrera\u00a0\u201cimplica\u00a0a veces un\u00a0cambio\u00a0en\u00a0nuestra\u00a0personalidad\u201d \u2026, soy lo que hago? Acompa\u00f1ado a veces de la imposibilidad de ver nuevas oportunidades y posibilidades, y en quien puedo convertirme de aqu\u00ed en m\u00e1s. Los consultores, formados especialmente en Coaching de Carrera y \u201cciclos de Vida\u201d por los que transitamos los seres humanos. Asumir un cambio en el Ciclo laboral, lleva a caminos donde el fin del trabajo, es el fin de mi esencia. Damos un servicio, que permite la re construcci\u00f3n, la conectividad, el desarrollo y mejora de las relaciones y sobre todo \u201cel nuevo sentido de la vida\u201d.Programas presenciales y virtuales, orientados a Ejecutivos en B\u00fasqueda Laboral, Reinserci\u00f3n Profesional y Emprendedores.<\/span><\/p>\n\n<p style=\"text-align: JUSTIFY;\"><strong>\nPREJUBILABLES: <\/strong><\/p>\n\n<p style=\"text-align: JUSTIFY;\"><span style=\"color: #828282;\">La transici\u00f3n del mundo laboral tradicional y el camino a la jubilaci\u00f3n, no implica el camino final de nuestra vida activa. Trabajar, fomentando la participaci\u00f3n y el enriquecimiento de los v\u00ednculos, permite la reconstrucci\u00f3n de un nuevo ambiente donde pueda seguir desarroll\u00e1ndose.<\/span><\/p>\n<p style=\"text-align: JUSTIFY;\"><strong>\nCARACTER\u00cdSTICAS PRINCIPALES DE LOS TRES PROGRAMAS:\n<\/strong><\/p>\n\n<\/div>\n<\/div>\n<\/div>\n<\/div>\n<\/div><\/div>\n\t\t\t\t<\/div>\n\t\t\t\t<\/div>\n\t\t\t\t\t<\/div>\n\t\t<\/div>\n\t\t\t\t\t\t\t<\/div>\n\t\t<\/section>\n\t\t\t\t<section class=\"elementor-section elementor-top-section elementor-element elementor-element-9bba5fe elementor-section-boxed elementor-section-height-default elementor-section-height-default\" data-id=\"9bba5fe\" data-element_type=\"section\">\n\t\t\t\t\t\t<div class=\"elementor-container elementor-column-gap-default\">\n\t\t\t\t\t<div class=\"elementor-column elementor-col-100 elementor-top-column elementor-element elementor-element-1d6f8fb\" data-id=\"1d6f8fb\" data-element_type=\"column\">\n\t\t\t<div class=\"elementor-widget-wrap elementor-element-populated\">\n\t\t\t\t\t\t\t\t<div class=\"elementor-element elementor-element-8248e1e elementor-invisible elementor-widget elementor-widget-image\" data-id=\"8248e1e\" data-element_type=\"widget\" data-settings=\"{&quot;_animation&quot;:&quot;slideInDown&quot;}\" data-widget_type=\"image.default\">\n\t\t\t\t<div class=\"elementor-widget-container\">\n\t\t\t\t\t<div class=\"elementor-image\">\n\t\t\t\t\t\t\t\t\t\t<img loading=\"lazy\" decoding=\"async\" width=\"969\" height=\"509\" src=\"https:\/\/yolandaserrano.com.ar\/wp-content\/uploads\/2021\/02\/grafico.jpg\" class=\"attachment-large size-large\" alt=\"\" srcset=\"https:\/\/yolandaserrano.com.ar\/wp-content\/uploads\/2021\/02\/grafico.jpg 969w, https:\/\/yolandaserrano.com.ar\/wp-content\/uploads\/2021\/02\/grafico-300x158.jpg 300w, https:\/\/yolandaserrano.com.ar\/wp-content\/uploads\/2021\/02\/grafico-768x403.jpg 768w, https:\/\/yolandaserrano.com.ar\/wp-content\/uploads\/2021\/02\/grafico-600x315.jpg 600w\" sizes=\"auto, (max-width: 969px) 100vw, 969px\" \/>\t\t\t\t\t\t\t\t\t\t\t<\/div>\n\t\t\t\t<\/div>\n\t\t\t\t<\/div>\n\t\t\t\t\t<\/div>\n\t\t<\/div>\n\t\t\t\t\t\t\t<\/div>\n\t\t<\/section>\n\t\t\t\t\t\t<\/div>\n\t\t\t\t\t<\/div>\n\t\t","protected":false},"excerpt":{"rendered":"<p>PROGRAMAS DE OUTPLACEMENT: promueve la reinserci\u00f3n laboral, a trav\u00e9s del auto conocimiento, sus fortalezas y \u00e1reas de oportunidad, trabajando con bater\u00edas de evaluaciones y feedback permanente, facilitando la identificaci\u00f3n de su nuevo lugar del trabajo y el mercado al que puede aplicar. Trabajamos con la gesti\u00f3n y el desarrollo de su carrera actual, creando escenarios [&hellip;]<\/p>\n","protected":false},"author":1,"featured_media":0,"parent":416,"menu_order":0,"comment_status":"closed","ping_status":"closed","template":"","meta":{"footnotes":""},"class_list":["post-428","page","type-page","status-publish","hentry"],"blocksy_meta":"","_links":{"self":[{"href":"https:\/\/yolandaserrano.com.ar\/es\/wp-json\/wp\/v2\/pages\/428","targetHints":{"allow":["GET"]}}],"collection":[{"href":"https:\/\/yolandaserrano.com.ar\/es\/wp-json\/wp\/v2\/pages"}],"about":[{"href":"https:\/\/yolandaserrano.com.ar\/es\/wp-json\/wp\/v2\/types\/page"}],"author":[{"embeddable":true,"href":"https:\/\/yolandaserrano.com.ar\/es\/wp-json\/wp\/v2\/users\/1"}],"replies":[{"embeddable":true,"href":"https:\/\/yolandaserrano.com.ar\/es\/wp-json\/wp\/v2\/comments?post=428"}],"version-history":[{"count":121,"href":"https:\/\/yolandaserrano.com.ar\/es\/wp-json\/wp\/v2\/pages\/428\/revisions"}],"predecessor-version":[{"id":2566,"href":"https:\/\/yolandaserrano.com.ar\/es\/wp-json\/wp\/v2\/pages\/428\/revisions\/2566"}],"up":[{"embeddable":true,"href":"https:\/\/yolandaserrano.com.ar\/es\/wp-json\/wp\/v2\/pages\/416"}],"wp:attachment":[{"href":"https:\/\/yolandaserrano.com.ar\/es\/wp-json\/wp\/v2\/media?parent=428"}],"curies":[{"name":"wp","href":"https:\/\/api.w.org\/{rel}","templated":true}]}}